{"id":61,"date":"2025-12-02T16:26:04","date_gmt":"2025-12-02T15:26:04","guid":{"rendered":"http:\/\/jeromecamprasse.fr\/?page_id=61"},"modified":"2025-12-05T12:36:30","modified_gmt":"2025-12-05T11:36:30","slug":"quelques-mots-pour-me-decrire","status":"publish","type":"page","link":"http:\/\/jeromecamprasse.fr\/?page_id=61","title":{"rendered":"About me"},"content":{"rendered":"<div  class=\"tatsu-H1Zr9wYhbZl tatsu-section  tatsu-bg-overlay   tatsu-clearfix\" data-title=\"\"  data-headerscheme=\"background--dark\"><div class='tatsu-section-pad clearfix' data-padding='{\"d\":\"90px 0px 20px 0px\"}' data-padding-top='90px'><div class=\"tatsu-row-wrap  tatsu-wrap tatsu-row-one-col tatsu-row-has-one-cols tatsu-medium-gutter tatsu-reg-cols  tatsu-clearfix tatsu-Byer9wK2bbx\" ><div  class=\"tatsu-row \" ><div  class=\"tatsu-column  tatsu-bg-overlay tatsu-one-col tatsu-column-image-none tatsu-column-effect-none  tatsu-ByBqwY2-Zx\"  data-parallax-speed=\"0\" style=\"\"><div class=\"tatsu-column-inner \" ><div class=\"tatsu-column-pad-wrap\"><div class=\"tatsu-column-pad\" ><div  class=\"tatsu-module tatsu-text-block-wrap tatsu-HJC5Dth-Wx  \"><div class=\"tatsu-text-inner tatsu-align-center  clearfix\" ><style>.tatsu-HJC5Dth-Wx.tatsu-text-block-wrap .tatsu-text-inner{width: 54%;text-align: center;}<\/style>\n<h4><strong>Contact : <a href=\"mailto:jer_camprasse@yahoo.fr\">jer_camprasse@yahoo.fr<\/a><\/strong><\/h4>\n<h4><strong><a href=\"https:\/\/www.linkedin.com\/in\/j%C3%A9r%C3%B4me-camprasse-9a55a38\/\">CV linkedin<\/a><\/strong><\/h4>\n<\/div><\/div><div  class=\"tatsu-module tatsu-text-block-wrap tatsu-r1Amo7xzZg  \"><div class=\"tatsu-text-inner tatsu-align-center  clearfix\" ><style>.tatsu-r1Amo7xzZg.tatsu-text-block-wrap .tatsu-text-inner{width: 54%;text-align: center;}<\/style>\n<p>Fort d\u2019une grande exp\u00e9rience dans le jeu vid\u00e9o \u00e0 diff\u00e9rents postes, je peux r\u00e9pondre \u00e0 plusieurs demandes tel que la direction artistique, l\u2019illustration jeunesse , l\u2019image marketing ou encore le concept artwork. Je m\u2019adapte \u00e0 vos besoins en terme de d\u00e9lai et de budget. Disponible et r\u00e9actif je m\u2019organise pour votre projet.<\/p>\n<p>N\u2019h\u00e9sitez pas \u00e0 me contacter, nous \u00e9tudierons ensemble votre demande.<\/p>\n<h6>Quelques unes des soci\u00e9t\u00e9s avec qui j\u2019ai travaill\u00e9 : Decathlon, Evidence B, Ubisoft, P\u00f4le IIID, KCC, Sony.<\/h6>\n<p>\u00a0<\/p>\n<\/div><\/div><\/div><\/div><div class = \"tatsu-column-bg-image-wrap\"><div class = \"tatsu-column-bg-image\" ><\/div><\/div><div class=\"tatsu-overlay tatsu-column-overlay tatsu-animate-none\" ><\/div><\/div><style>.tatsu-row > .tatsu-ByBqwY2-Zx.tatsu-column{width: 100%;}.tatsu-ByBqwY2-Zx.tatsu-column > .tatsu-column-inner > .tatsu-column-overlay{mix-blend-mode: normal;}.tatsu-ByBqwY2-Zx > .tatsu-column-inner > .tatsu-top-divider{z-index: 9999;}.tatsu-ByBqwY2-Zx > .tatsu-column-inner > .tatsu-bottom-divider{z-index: 9999;}.tatsu-ByBqwY2-Zx > .tatsu-column-inner > .tatsu-left-divider{z-index: 9999;}.tatsu-ByBqwY2-Zx > .tatsu-column-inner > .tatsu-right-divider{z-index: 9999;}@media only screen and (max-width:1377px) {.tatsu-row > .tatsu-ByBqwY2-Zx.tatsu-column{width: 100%;}}@media only screen and (min-width:768px) and (max-width: 1024px) {.tatsu-row > .tatsu-ByBqwY2-Zx.tatsu-column{width: 100%;}}@media only screen and (max-width: 767px) {.tatsu-row > .tatsu-ByBqwY2-Zx.tatsu-column{width: 100%;}}<\/style><\/div><\/div><\/div><\/div><div class=\"tatsu-section-background-wrap\"><div class = \"tatsu-section-background\" ><\/div><\/div><div class=\"tatsu-overlay tatsu-section-overlay\"><\/div><style>.tatsu-H1Zr9wYhbZl .tatsu-section-pad{padding: 90px 0px 20px 0px;}.tatsu-H1Zr9wYhbZl .tatsu-section-offset-wrap{transform: translateY(-0px);}.tatsu-H1Zr9wYhbZl > .tatsu-bottom-divider{z-index: 9999;}.tatsu-H1Zr9wYhbZl > .tatsu-top-divider{z-index: 9999;}.tatsu-H1Zr9wYhbZl .tatsu-section-overlay{mix-blend-mode: normal;}<\/style><\/div><div  class=\"tatsu-SyfWhY3--e tatsu-section  tatsu-bg-overlay   tatsu-clearfix\" data-title=\"\"  data-headerscheme=\"background--dark\"><div class='tatsu-section-pad clearfix' data-padding='{\"d\":\"18px 0px 89px 0px\"}' data-padding-top='18px'><div class=\"tatsu-row-wrap  tatsu-wrap tatsu-row-one-col tatsu-row-has-one-cols tatsu-medium-gutter tatsu-reg-cols  tatsu-clearfix tatsu-BkgMWhKnbWx\" ><div  class=\"tatsu-row \" ><div  class=\"tatsu-column  tatsu-bg-overlay tatsu-one-col tatsu-column-image-none tatsu-column-effect-none  tatsu-SJZfWhFnbZe\"  data-parallax-speed=\"0\" style=\"\"><div class=\"tatsu-column-inner \" ><div class=\"tatsu-column-pad-wrap\"><div class=\"tatsu-column-pad\" ><div  class=\"tatsu-single-image tatsu-module align-center tatsu-image-lazyload tatsu-rys4nY3WWg  \" ><div class=\"tatsu-single-image-inner \" style=\"width : 693px;\" ><div class = \"tatsu-single-image-padding-wrap\" style = \"padding-bottom : 58.441558441558%;\" ><\/div><img class = \"tatsu-gradient-border\" alt = \"\" title = \"logo_01\" data-src = \"http:\/\/jeromecamprasse.fr\/wp-content\/uploads\/2025\/12\/logo_01.jpg\" src =\"data:image\/png;base64,iVBORw0KGgoAAAANSUhEUgAAAAEAAAABCAQAAAC1HAwCAAAAC0lEQVR42mNkYAAAAAYAAjCB0C8AAAAASUVORK5CYII=\"  \/><\/div><style>.tatsu-rys4nY3WWg .tatsu-single-image-inner{border-style: solid;max-width: 100%;}.tatsu-rys4nY3WWg.tatsu-single-image{transform: translate3d(0px,0px, 0);}<\/style><\/div><\/div><\/div><div class = \"tatsu-column-bg-image-wrap\"><div class = \"tatsu-column-bg-image\" ><\/div><\/div><div class=\"tatsu-overlay tatsu-column-overlay tatsu-animate-none\" ><\/div><\/div><style>.tatsu-row > .tatsu-SJZfWhFnbZe.tatsu-column{width: 100%;}.tatsu-SJZfWhFnbZe.tatsu-column > .tatsu-column-inner > .tatsu-column-overlay{mix-blend-mode: normal;}.tatsu-SJZfWhFnbZe > .tatsu-column-inner > .tatsu-top-divider{z-index: 9999;}.tatsu-SJZfWhFnbZe > .tatsu-column-inner > .tatsu-bottom-divider{z-index: 9999;}.tatsu-SJZfWhFnbZe > .tatsu-column-inner > .tatsu-left-divider{z-index: 9999;}.tatsu-SJZfWhFnbZe > .tatsu-column-inner > .tatsu-right-divider{z-index: 9999;}@media only screen and (max-width:1377px) {.tatsu-row > .tatsu-SJZfWhFnbZe.tatsu-column{width: 100%;}}@media only screen and (min-width:768px) and (max-width: 1024px) {.tatsu-row > .tatsu-SJZfWhFnbZe.tatsu-column{width: 100%;}}@media only screen and (max-width: 767px) {.tatsu-row > .tatsu-SJZfWhFnbZe.tatsu-column{width: 100%;}}<\/style><\/div><\/div><\/div><\/div><div class=\"tatsu-section-background-wrap\"><div class = \"tatsu-section-background\" ><\/div><\/div><div class=\"tatsu-overlay tatsu-section-overlay\"><\/div><style>.tatsu-SyfWhY3--e .tatsu-section-pad{padding: 18px 0px 89px 0px;}.tatsu-SyfWhY3--e .tatsu-section-offset-wrap{transform: translateY(-0px);}.tatsu-SyfWhY3--e > .tatsu-bottom-divider{z-index: 9999;}.tatsu-SyfWhY3--e > .tatsu-top-divider{z-index: 9999;}.tatsu-SyfWhY3--e .tatsu-section-overlay{mix-blend-mode: normal;}<\/style><\/div>\n","protected":false},"excerpt":{"rendered":"<p><a href=\"http:\/\/jeromecamprasse.fr\/?page_id=61\" class=\"more-link style1-button\">Read More<\/a><\/p>","protected":false},"author":1,"featured_media":0,"parent":0,"menu_order":0,"comment_status":"closed","ping_status":"closed","template":"","meta":{"footnotes":""},"class_list":["post-61","page","type-page","status-publish","hentry"],"_links":{"self":[{"href":"http:\/\/jeromecamprasse.fr\/index.php?rest_route=\/wp\/v2\/pages\/61","targetHints":{"allow":["GET"]}}],"collection":[{"href":"http:\/\/jeromecamprasse.fr\/index.php?rest_route=\/wp\/v2\/pages"}],"about":[{"href":"http:\/\/jeromecamprasse.fr\/index.php?rest_route=\/wp\/v2\/types\/page"}],"author":[{"embeddable":true,"href":"http:\/\/jeromecamprasse.fr\/index.php?rest_route=\/wp\/v2\/users\/1"}],"replies":[{"embeddable":true,"href":"http:\/\/jeromecamprasse.fr\/index.php?rest_route=%2Fwp%2Fv2%2Fcomments&post=61"}],"version-history":[{"count":11,"href":"http:\/\/jeromecamprasse.fr\/index.php?rest_route=\/wp\/v2\/pages\/61\/revisions"}],"predecessor-version":[{"id":75,"href":"http:\/\/jeromecamprasse.fr\/index.php?rest_route=\/wp\/v2\/pages\/61\/revisions\/75"}],"wp:attachment":[{"href":"http:\/\/jeromecamprasse.fr\/index.php?rest_route=%2Fwp%2Fv2%2Fmedia&parent=61"}],"curies":[{"name":"wp","href":"https:\/\/api.w.org\/{rel}","templated":true}]}}